{"id":657,"date":"2020-02-12T00:26:59","date_gmt":"2020-02-11T23:26:59","guid":{"rendered":"https:\/\/burde.eu\/?page_id=657"},"modified":"2024-04-26T12:33:28","modified_gmt":"2024-04-26T10:33:28","slug":"tos","status":"publish","type":"page","link":"https:\/\/burde.at\/en\/tos\/","title":{"rendered":"TOS"},"content":{"rendered":"\t\t<div data-elementor-type=\"wp-page\" data-elementor-id=\"657\" class=\"elementor elementor-657 elementor-312\" data-elementor-post-type=\"page\">\n\t\t\t\t\t\t<section class=\"elementor-section elementor-top-section elementor-element elementor-element-bbdeb2b elementor-section-boxed elementor-section-height-default elementor-section-height-default\" data-id=\"bbdeb2b\" data-element_type=\"section\">\n\t\t\t\t\t\t<div class=\"elementor-container elementor-column-gap-default\">\n\t\t\t\t\t<div class=\"elementor-column elementor-col-100 elementor-top-column elementor-element elementor-element-8b757ee\" data-id=\"8b757ee\" data-element_type=\"column\">\n\t\t\t<div class=\"elementor-widget-wrap elementor-element-populated\">\n\t\t\t\t\t\t<div class=\"elementor-element elementor-element-6c438ef elementor-widget elementor-widget-text-editor\" data-id=\"6c438ef\" data-element_type=\"widget\" data-widget_type=\"text-editor.default\">\n\t\t\t\t<div class=\"elementor-widget-container\">\n\t\t\t\t\t\t\t\t\t<p><strong>\u00a7 1 Allgemeines<\/strong> <br \/>Die nachfolgenden Bestimmungen sind ein Auszug unserer Allgemeinen Gesch\u00e4ftsbedingungen (AGB), welche einen integrierenden Bestandteil aller von uns abgeschlossenen Vertr\u00e4ge, Angebote und Erkl\u00e4rungen bilden. Die gesamten AGB sind unter www.burde.at zu finden.<\/p><p><strong>\u00a7 2 Angebote<\/strong> <br \/>Unsere Angebote erfolgen freibleibend. Wir \u00fcbernehmen keine Garantie bez\u00fcglich der Vertr\u00e4glichkeit der in den Produkten eingesetzten Werkstoffe mit bestimmten Medien. Die Auswahl liegt in der alleinigen Verantwortung des Anwenders. Der Anwender muss f\u00fcr seine Applikation unter den jeweiligen spezifischen Betriebsbedingungen geeignete Materialien bestimmen. Wir k\u00f6nnen lediglich aufgrund von Kompatibilit\u00e4tsangaben und Erfahrungen der Hersteller Empfehlungen aussprechen.<\/p><p><strong>\u00a7 3 Lieferumfang<\/strong> <br \/>Bei Sonderanfertigungen und Lieferungen von Rohrleitungen und Schl\u00e4uchen ist eine Mehr- oder Minderlieferung von 10% zul\u00e4ssig.<\/p><p><strong>\u00a7 4 Eigentumsvorbehalt<\/strong> <br \/>Die Ware bleibt bis zur vollst\u00e4ndigen Bezahlung unser Eigentum.<\/p><p><strong>\u00a7 5 Transport<\/strong> <br \/>Sofern nichts anderes vereinbart ist, erfolgt der Versand der Ware auf Kosten und Gefahr des Kunden. Wir w\u00e4hlen die uns g\u00fcnstig erscheinende Versand- und Verpackungsart.<\/p><p><strong>\u00a7 6 Lieferzeit<\/strong> <br \/>Die von uns angegebene Lieferzeit beginnt mit Einlangen der Auftragsbest\u00e4tigung bei Ihnen und wird mit dem Tag der Versendung bzw. Versandbereitschaft eingehalten. \u00c4nderungen in der Ausf\u00fchrung heben den Liefertermin auf und bedingen dessen Neufestsetzung.<\/p><p><strong>\u00a7 7 Gew\u00e4hrleistung<\/strong> <br \/>Wir gew\u00e4hrleisten f\u00fcr die Dauer von 6 Monaten, dass die Waren den Beschreibungen entsprechen und nicht mit Fehlern behaftet sind, die ihre Tauglichkeit demgegen\u00fcber aufheben oder mindern. Eine unerhebliche Minderung bleibt au\u00dfer Betracht. Treten bei vertragsgem\u00e4\u00dfer Nutzung Fehler auf, hat der Kunde diese unverz\u00fcglich, sp\u00e4testens binnen 7 Tagen, in nachvollziehbarer Form, unter Angabe der f\u00fcr die Fehlerbeseitigung zweckdienlichen Informationen zu melden, und zwar auf unseren Wunsch schriftlich. Er hat uns im Rahmen des Zumutbaren bei der Beseitigung von Fehlern zu unterst\u00fctzen. Der Kunde kann eine angemessene Frist f\u00fcr die Beseitigung der Fehler setzen. Verstreicht sie nutzlos, kann er unter den gesetzlichen Voraussetzungen Herabsetzung der Verg\u00fctung verlangen oder vom Vertrag zur\u00fccktreten. Die Gew\u00e4hrleistung erlischt f\u00fcr solche Waren, die der Kunde \u00e4ndert oder in die er sonstwie eingreift, es sei denn, dass der Kunde im Zusammenhang mit der Fehlermeldung nachweist, dass er f\u00fcr den Fehler nicht urs\u00e4chlich ist. Wir k\u00f6nnen die Verg\u00fctung des Aufwandes verlangen, soweit wir auf Grund einer Fehlermeldung t\u00e4tig geworden sind und nachweisen, dass kein Fehler vorgelegen hat.<\/p><p><strong>\u00a7 8 Schadenersatz<\/strong> <br \/>Wir leisten nur Schadenersatz, wenn uns Vorsatz oder grobe Fahrl\u00e4ssigkeit vorzuwerfen ist. Der H\u00f6he nach ist ein allf\u00e4llige Schadenersatz mit dem Preis der Ware begrenzt.<\/p><p><strong>\u00a7 9 Zahlung<\/strong> <br \/>Soweit nichts anderes bestimmt ist, sind die Rechnungen binnen 14 Tagen netto zu bezahlen. Bei Zahlungsverzug werden neben Mahn- und Inkassokosten 1% pro Monat Verzugszinsen in Ansatz gebracht. Allen Preisen wird die Umsatzsteuer in der jeweiligen gesetzlichen H\u00f6he hinzugerechnet.<\/p><p><strong>\u00a7 10 Stornierungen \/ Umtausch \/ R\u00fccknahmesendungen<\/strong> <br \/>Auftragsstornierungen \/ Umtausch oder R\u00fccknahmesendungen k\u00f6nnen nur nach vorheriger Absprache akzeptiert werden. S\u00e4mtliche daraus resultierenden Kosten f\u00fcr Kontrolle, Reinigung, Verpackung und Wiedereinlagerung gehen zu Lasten des Bestellers.<\/p><p><strong>\u00a7 11 Aufrechnung<\/strong> <br \/>Die Aufrechnung von Gegenforderungen gegen unsere Anspr\u00fcche ist ausgeschlossen, es sei denn, sie ist gerichtlich festgestellt oder von uns anerkannt.<\/p><p><strong>\u00a7 12 Verk\u00fcrzung \u00fcber die H\u00e4lfte<\/strong> <br \/>Die Anwendbarkeit des \u00a7 934 ABGB wird ausgeschlossen.<\/p><p><strong>\u00a7 13 Ausfuhrgenehmigungen<\/strong><br \/>Soweit die Ware oder Teile der Ware einer US-Export-Lizenz unterliegen, ist die Ware ausschlie\u00dflich zum Verbleib in \u00d6sterreich bestimmt. Die Ausfuhr solcher Waren besteht unter der Bedingung, dass die erforderlichen Ausfuhrbedingungen erteilt werden und keine sonstigen ausfuhrrechtlichen Hindernisse entgegenstehen. Der Kunde verpflichtet sich f\u00fcr den Fall der beabsichtigten Wiederausfuhr, die nach den jeweils geltenden US-Export-Regulations notwendige US-Export-Lizenz zu beantragen und die Wiederausfuhr erst nach Erteilung der US-Export-Lizenz vorzunehmen.<\/p><p><strong>\u00a7 14 Anzuwendendes Recht, Gerichtsstand<\/strong> <br \/>Es gilt ausschlie\u00dflich (auch bei Auslandsbezug) \u00f6sterreichisches Recht unter Ausschluss der Kollisionsnormen. Erf\u00fcllungsort ist Harmannsdorf. Als Gerichtsstand gilt das f\u00fcr Harmannsdorf sachlich zust\u00e4ndige Gericht als vereinbart.<\/p><p><strong>\u00a7 15 Datenschutz<\/strong> <br \/>S\u00e4mtliche Informationen der Verarbeitung von personenbezogenen Daten und zu den damit zusammenh\u00e4ngenden Rechten sind unter www.burde.at jederzeit abrufbar.<\/p>\t\t\t\t\t\t\t\t<\/div>\n\t\t\t\t<\/div>\n\t\t\t\t\t<\/div>\n\t\t<\/div>\n\t\t\t\t\t<\/div>\n\t\t<\/section>\n\t\t\t\t<\/div>\n\t\t","protected":false},"excerpt":{"rendered":"<p>\u00a7 1 Allgemeines Die nachfolgenden Bestimmungen sind ein Auszug unserer Allgemeinen Gesch\u00e4ftsbedingungen (AGB), welche einen integrierenden Bestandteil aller von uns abgeschlossenen Vertr\u00e4ge, Angebote und Erkl\u00e4rungen bilden. Die gesamten AGB sind unter www.burde.at zu finden. \u00a7 2 Angebote Unsere Angebote erfolgen freibleibend. Wir \u00fcbernehmen keine Garantie bez\u00fcglich der Vertr\u00e4glichkeit der in den Produkten eingesetzten Werkstoffe mit [&hellip;]<\/p>\n","protected":false},"author":1,"featured_media":0,"parent":0,"menu_order":0,"comment_status":"closed","ping_status":"closed","template":"","meta":{"_acf_changed":false,"footnotes":""},"class_list":["post-657","page","type-page","status-publish","hentry"],"acf":[],"yoast_head":"<!-- This site is optimized with the Yoast SEO plugin v26.8 - https:\/\/yoast.com\/product\/yoast-seo-wordpress\/ -->\n<title>TOS - BURDE TECHNOLOGY GMBH<\/title>\n<meta name=\"robots\" content=\"index, follow, max-snippet:-1, max-image-preview:large, max-video-preview:-1\" \/>\n<link rel=\"canonical\" href=\"https:\/\/burde.at\/en\/tos\/\" \/>\n<meta property=\"og:locale\" content=\"en_US\" \/>\n<meta property=\"og:type\" content=\"article\" \/>\n<meta property=\"og:title\" content=\"TOS - BURDE TECHNOLOGY GMBH\" \/>\n<meta property=\"og:description\" content=\"\u00a7 1 Allgemeines Die nachfolgenden Bestimmungen sind ein Auszug unserer Allgemeinen Gesch\u00e4ftsbedingungen (AGB), welche einen integrierenden Bestandteil aller von uns abgeschlossenen Vertr\u00e4ge, Angebote und Erkl\u00e4rungen bilden. Die gesamten AGB sind unter www.burde.at zu finden. \u00a7 2 Angebote Unsere Angebote erfolgen freibleibend. Wir \u00fcbernehmen keine Garantie bez\u00fcglich der Vertr\u00e4glichkeit der in den Produkten eingesetzten Werkstoffe mit [&hellip;]\" \/>\n<meta property=\"og:url\" content=\"https:\/\/burde.at\/en\/tos\/\" \/>\n<meta property=\"og:site_name\" content=\"BURDE TECHNOLOGY GMBH\" \/>\n<meta property=\"article:modified_time\" content=\"2024-04-26T10:33:28+00:00\" \/>\n<meta name=\"twitter:card\" content=\"summary_large_image\" \/>\n<meta name=\"twitter:label1\" content=\"Est. reading time\" \/>\n\t<meta name=\"twitter:data1\" content=\"3 minutes\" \/>\n<script type=\"application\/ld+json\" class=\"yoast-schema-graph\">{\"@context\":\"https:\/\/schema.org\",\"@graph\":[{\"@type\":\"WebPage\",\"@id\":\"https:\/\/burde.at\/en\/tos\/\",\"url\":\"https:\/\/burde.at\/en\/tos\/\",\"name\":\"TOS - BURDE TECHNOLOGY GMBH\",\"isPartOf\":{\"@id\":\"https:\/\/burde.at\/en\/#website\"},\"datePublished\":\"2020-02-11T23:26:59+00:00\",\"dateModified\":\"2024-04-26T10:33:28+00:00\",\"breadcrumb\":{\"@id\":\"https:\/\/burde.at\/en\/tos\/#breadcrumb\"},\"inLanguage\":\"en-US\",\"potentialAction\":[{\"@type\":\"ReadAction\",\"target\":[\"https:\/\/burde.at\/en\/tos\/\"]}]},{\"@type\":\"BreadcrumbList\",\"@id\":\"https:\/\/burde.at\/en\/tos\/#breadcrumb\",\"itemListElement\":[{\"@type\":\"ListItem\",\"position\":1,\"name\":\"Startseite\",\"item\":\"https:\/\/burde.at\/en\/\"},{\"@type\":\"ListItem\",\"position\":2,\"name\":\"TOS\"}]},{\"@type\":\"WebSite\",\"@id\":\"https:\/\/burde.at\/en\/#website\",\"url\":\"https:\/\/burde.at\/en\/\",\"name\":\"Burde Technology GmbH\",\"description\":\"Wir stehen f\u00fcr Sicherheit\",\"publisher\":{\"@id\":\"https:\/\/burde.at\/en\/#organization\"},\"potentialAction\":[{\"@type\":\"SearchAction\",\"target\":{\"@type\":\"EntryPoint\",\"urlTemplate\":\"https:\/\/burde.at\/en\/?s={search_term_string}\"},\"query-input\":{\"@type\":\"PropertyValueSpecification\",\"valueRequired\":true,\"valueName\":\"search_term_string\"}}],\"inLanguage\":\"en-US\"},{\"@type\":\"Organization\",\"@id\":\"https:\/\/burde.at\/en\/#organization\",\"name\":\"Burde Technology GmbH\",\"url\":\"https:\/\/burde.at\/en\/\",\"logo\":{\"@type\":\"ImageObject\",\"inLanguage\":\"en-US\",\"@id\":\"https:\/\/burde.at\/en\/#\/schema\/logo\/image\/\",\"url\":\"https:\/\/burde.at\/wp-content\/uploads\/2024\/04\/BURDE_Logo_1_RGB.png\",\"contentUrl\":\"https:\/\/burde.at\/wp-content\/uploads\/2024\/04\/BURDE_Logo_1_RGB.png\",\"width\":595,\"height\":132,\"caption\":\"Burde Technology GmbH\"},\"image\":{\"@id\":\"https:\/\/burde.at\/en\/#\/schema\/logo\/image\/\"}}]}<\/script>\n<!-- \/ Yoast SEO plugin. -->","yoast_head_json":{"title":"TOS - BURDE TECHNOLOGY GMBH","robots":{"index":"index","follow":"follow","max-snippet":"max-snippet:-1","max-image-preview":"max-image-preview:large","max-video-preview":"max-video-preview:-1"},"canonical":"https:\/\/burde.at\/en\/tos\/","og_locale":"en_US","og_type":"article","og_title":"TOS - BURDE TECHNOLOGY GMBH","og_description":"\u00a7 1 Allgemeines Die nachfolgenden Bestimmungen sind ein Auszug unserer Allgemeinen Gesch\u00e4ftsbedingungen (AGB), welche einen integrierenden Bestandteil aller von uns abgeschlossenen Vertr\u00e4ge, Angebote und Erkl\u00e4rungen bilden. Die gesamten AGB sind unter www.burde.at zu finden. \u00a7 2 Angebote Unsere Angebote erfolgen freibleibend. Wir \u00fcbernehmen keine Garantie bez\u00fcglich der Vertr\u00e4glichkeit der in den Produkten eingesetzten Werkstoffe mit [&hellip;]","og_url":"https:\/\/burde.at\/en\/tos\/","og_site_name":"BURDE TECHNOLOGY GMBH","article_modified_time":"2024-04-26T10:33:28+00:00","twitter_card":"summary_large_image","twitter_misc":{"Est. reading time":"3 minutes"},"schema":{"@context":"https:\/\/schema.org","@graph":[{"@type":"WebPage","@id":"https:\/\/burde.at\/en\/tos\/","url":"https:\/\/burde.at\/en\/tos\/","name":"TOS - BURDE TECHNOLOGY GMBH","isPartOf":{"@id":"https:\/\/burde.at\/en\/#website"},"datePublished":"2020-02-11T23:26:59+00:00","dateModified":"2024-04-26T10:33:28+00:00","breadcrumb":{"@id":"https:\/\/burde.at\/en\/tos\/#breadcrumb"},"inLanguage":"en-US","potentialAction":[{"@type":"ReadAction","target":["https:\/\/burde.at\/en\/tos\/"]}]},{"@type":"BreadcrumbList","@id":"https:\/\/burde.at\/en\/tos\/#breadcrumb","itemListElement":[{"@type":"ListItem","position":1,"name":"Startseite","item":"https:\/\/burde.at\/en\/"},{"@type":"ListItem","position":2,"name":"TOS"}]},{"@type":"WebSite","@id":"https:\/\/burde.at\/en\/#website","url":"https:\/\/burde.at\/en\/","name":"Burde Technology GmbH","description":"Wir stehen f\u00fcr Sicherheit","publisher":{"@id":"https:\/\/burde.at\/en\/#organization"},"potentialAction":[{"@type":"SearchAction","target":{"@type":"EntryPoint","urlTemplate":"https:\/\/burde.at\/en\/?s={search_term_string}"},"query-input":{"@type":"PropertyValueSpecification","valueRequired":true,"valueName":"search_term_string"}}],"inLanguage":"en-US"},{"@type":"Organization","@id":"https:\/\/burde.at\/en\/#organization","name":"Burde Technology GmbH","url":"https:\/\/burde.at\/en\/","logo":{"@type":"ImageObject","inLanguage":"en-US","@id":"https:\/\/burde.at\/en\/#\/schema\/logo\/image\/","url":"https:\/\/burde.at\/wp-content\/uploads\/2024\/04\/BURDE_Logo_1_RGB.png","contentUrl":"https:\/\/burde.at\/wp-content\/uploads\/2024\/04\/BURDE_Logo_1_RGB.png","width":595,"height":132,"caption":"Burde Technology GmbH"},"image":{"@id":"https:\/\/burde.at\/en\/#\/schema\/logo\/image\/"}}]}},"jetpack_sharing_enabled":true,"_links":{"self":[{"href":"https:\/\/burde.at\/en\/wp-json\/wp\/v2\/pages\/657","targetHints":{"allow":["GET"]}}],"collection":[{"href":"https:\/\/burde.at\/en\/wp-json\/wp\/v2\/pages"}],"about":[{"href":"https:\/\/burde.at\/en\/wp-json\/wp\/v2\/types\/page"}],"author":[{"embeddable":true,"href":"https:\/\/burde.at\/en\/wp-json\/wp\/v2\/users\/1"}],"replies":[{"embeddable":true,"href":"https:\/\/burde.at\/en\/wp-json\/wp\/v2\/comments?post=657"}],"version-history":[{"count":7,"href":"https:\/\/burde.at\/en\/wp-json\/wp\/v2\/pages\/657\/revisions"}],"predecessor-version":[{"id":1058,"href":"https:\/\/burde.at\/en\/wp-json\/wp\/v2\/pages\/657\/revisions\/1058"}],"wp:attachment":[{"href":"https:\/\/burde.at\/en\/wp-json\/wp\/v2\/media?parent=657"}],"curies":[{"name":"wp","href":"https:\/\/api.w.org\/{rel}","templated":true}]}}