{"id":663,"date":"2020-02-12T00:39:59","date_gmt":"2020-02-11T23:39:59","guid":{"rendered":"https:\/\/burde.eu\/?page_id=663"},"modified":"2020-02-12T00:41:28","modified_gmt":"2020-02-11T23:41:28","slug":"data-privacy","status":"publish","type":"page","link":"https:\/\/burde.at\/en\/data-privacy\/","title":{"rendered":"Data privacy"},"content":{"rendered":"\t\t<div data-elementor-type=\"wp-page\" data-elementor-id=\"663\" class=\"elementor elementor-663 elementor-3\" data-elementor-post-type=\"page\">\n\t\t\t\t\t\t<section class=\"elementor-section elementor-top-section elementor-element elementor-element-612a60be elementor-section-boxed elementor-section-height-default elementor-section-height-default\" data-id=\"612a60be\" data-element_type=\"section\">\n\t\t\t\t\t\t<div class=\"elementor-container elementor-column-gap-default\">\n\t\t\t\t\t<div class=\"elementor-column elementor-col-100 elementor-top-column elementor-element elementor-element-46e91646\" data-id=\"46e91646\" data-element_type=\"column\">\n\t\t\t<div class=\"elementor-widget-wrap elementor-element-populated\">\n\t\t\t\t\t\t<div class=\"elementor-element elementor-element-5f2f49db elementor-widget elementor-widget-text-editor\" data-id=\"5f2f49db\" data-element_type=\"widget\" data-widget_type=\"text-editor.default\">\n\t\t\t\t<div class=\"elementor-widget-container\">\n\t\t\t\t\t\t\t\t\t<p><strong>1. Personenbezogene Daten<\/strong><br \/>Wir, R. Kurt Burde &amp; Co. Pr\u00e4zisionsarmaturen Gesellschaft m.b.H., erheben, verarbeiten und nutzen Ihre personenbezogenen Daten nur mit Ihrer Einwilligung oder Bestellung zu den mit Ihnen vereinbarten Zwecken oder wenn eine sonstige rechtliche Grundlage im Einklang mit der DSGVO vorliegt; dies unter Einhaltung der datenschutz- und zivilrechtlichen Bestimmungen.\u00a0 \u00a0<\/p>\n<p>Es werden nur solche personenbezogenen Daten erhoben, die f\u00fcr die Durchf\u00fchrung und Abwicklung unserer unternehmerischen Leistungen erforderlich sind oder die Sie uns freiwillig zur Verf\u00fcgung gestellt haben.\u00a0 \u00a0<\/p>\n<p>Personenbezogene Daten sind alle Daten, die Einzelangaben \u00fcber pers\u00f6nliche oder sachliche Verh\u00e4ltnisse enthalten, beispielsweise Name, Anschrift, Emailadresse, Telefonnummer, Geburtsdatum, Alter, Geschlecht, Sozialversicherungsnummer, Videoaufzeichnungen, Fotos, Stimmaufnahmen von Personen sowie biometrische Daten wie etwa Fingerabdr\u00fccke. Auch sensible Daten, wie Gesundheitsdaten oder Daten im Zusammenhang mit einem Strafverfahren k\u00f6nnen mitumfasst sein.<\/p>\n<p><strong>2. Auskunft und L\u00f6schung\u00a0<\/strong><br \/>Als Kunde bzw generell als Betroffener haben Sie jederzeit das Recht auf Auskunft \u00fcber Ihre gespeicherten personenbezogenen Daten, deren Herkunft und Empf\u00e4nger und den Zweck der Datenverarbeitung sowie ein Recht auf Berichtigung, Daten\u00fcbertragung, Widerspruch, Einschr\u00e4nkung der Bearbeitung sowie Sperrung oder L\u00f6schung unrichtiger bzw. unzul\u00e4ssig verarbeiteter Daten.\u00a0 \u00a0<\/p>\n<p>Als Kunde bzw generell als Betroffener haben Sie jederzeit das Recht auf Auskunft \u00fcber Ihre gespeicherten personenbezogenen Daten, deren Herkunft und Empf\u00e4nger und den Zweck der Datenverarbeitung sowie ein Recht auf Berichtigung, Daten\u00fcbertragung, Widerspruch, Einschr\u00e4nkung der Bearbeitung sowie Sperrung oder L\u00f6schung unrichtiger bzw. unzul\u00e4ssig verarbeiteter Daten.\u00a0 \u00a0<\/p>\n<p>Insoweit sich \u00c4nderungen Ihrer pers\u00f6nlichen Daten ergeben, ersuchen wir um entsprechende Mitteilung. Sie haben jederzeit das Recht, eine erteilte Einwilligung zur Nutzung Ihrer personenbezogenen Daten zu widerrufen. Ihre Eingabe auf Auskunft, L\u00f6schung, Berichtigung, Widerspruch und\/oder Daten\u00fcbertragung, im letztgenannten Fall, sofern damit nicht ein unverh\u00e4ltnism\u00e4\u00dfiger Aufwand verursacht wird, kann an die in Punkt 10. dieser Erkl\u00e4rung angef\u00fchrte Anschrift des Unternehmens gerichtet werden.\u00a0 \u00a0<\/p>\n<p>Wenn Sie der Auffassung sind, dass die Verarbeitung Ihrer personenbezogenen Daten durch uns gegen das geltende Datenschutzrecht verst\u00f6\u00dft oder Ihre datenschutzrechtlichen Anspr\u00fcche in einer anderen Weise verletzt worden sind, besteht die M\u00f6glichkeit, sich bei der zust\u00e4ndigen Aufsichtsbeh\u00f6rde zu beschweren. In \u00d6sterreich zust\u00e4ndig ist hierf\u00fcr die Datenschutzbeh\u00f6rde.\u00a0<\/p>\n<p><strong>3. Datensicherheit<\/strong><br \/>Der Schutz Ihrer personenbezogenen Daten erfolgt durch entsprechende organisatorische und technische Vorkehrungen. Diese Vorkehrungen betreffen insbesondere den Schutz vor unerlaubtem, rechtswidrigem oder auch zuf\u00e4lligem Zugriff, Verarbeitung, Verlust, Verwendung und Manipulation.\u00a0<\/p>\n<p>Ungeachtet der Bem\u00fchungen der Einhaltung eines stets angemessen hohen Standes der Sorgfaltsanforderungen kann nicht ausgeschlossen werden, dass Informationen, die Sie uns \u00fcber das Internet bekannt geben, von anderen Personen eingesehen und genutzt werden. \u00a0 Bitte beachten Sie, dass wir daher keine wie immer geartete Haftung f\u00fcr die Offenlegung von Informationen aufgrund nicht von uns verursachter Fehler bei der Daten\u00fcbertragung und\/oder unautorisiertem Zugriff durch Dritte \u00fcbernehmen (zB Hackangriff auf Email-Account bzw. Telefon, Abfangen von Faxen). \u00a0<\/p>\n<p><strong>4. Verwendung der Daten\u00a0<\/strong><br \/>Wir werden die uns zur Verf\u00fcgung gestellten Daten nicht f\u00fcr andere Zwecke als die durch den Vertrag oder durch Ihre Einwilligung oder sonst durch eine Bestimmung im Einklang mit der DSGVO gedeckten Zwecken verarbeiten. Ausgenommen hiervon ist die Nutzung f\u00fcr statistische Zwecke, sofern die zur Verf\u00fcgung gestellten Daten anonymisiert wurden.\u00a0 \u00a0<\/p>\n<p><strong>5. \u00dcbermittlung von Daten an Dritte\u00a0<\/strong><br \/>Zur Erf\u00fcllung Ihres Auftrages ist es m\u00f6glicherweise auch erforderlich, Ihre Daten an Dritte (zB Banken, Versicherungen, Dienstleister, derer wir uns bedienen und denen wir Daten zur Verf\u00fcgung stellen, etc.) weiterzuleiten. Eine Weiterleitung Ihrer Daten erfolgt ausschlie\u00dflich auf Grundlage der DSGVO, insb zur Erf\u00fcllung Ihres Auftrags oder aufgrund Ihrer vorherigen Einwilligung.\u00a0 \u00a0<\/p>\n<p>Weiters informieren wir Sie dar\u00fcber, dass im Rahmen unserer unternehmerischen Leistungen regelm\u00e4\u00dfig auch sachverhalts- und fallbezogene Informationen von Ihnen von dritten Stellen bezogen werden. \u00a0<\/p>\n<p>Manche der oben genannten Empf\u00e4nger Ihrer personenbezogenen Daten befinden sich au\u00dferhalb Ihres Landes oder verarbeiten dort Ihre personenbezogenen Daten. Das Datenschutzniveau in anderen L\u00e4ndern entspricht unter Umst\u00e4nden nicht dem \u00d6sterreichs. Wir \u00fcbermitteln Ihre personenbezogenen Daten jedoch nur in L\u00e4nder, f\u00fcr welche die EU-Kommission entschieden hat, dass sie \u00fcber ein angemessenes Datenschutzniveau verf\u00fcgen oder wir setzen Ma\u00dfnahmen, um zu gew\u00e4hrleisten, dass alle Empf\u00e4nger ein angemessenes Datenschutzniveau haben wozu wir Standardvertragsklauseln (2010\/87\/EC und\/oder 2004\/915\/EC) abschlie\u00dfen.\u00a0 \u00a0<\/p>\n<p><strong>6. Bekanntgabe von Datenpannen<\/strong><br \/>Wir sind bem\u00fcht sicherzustellen, dass Datenpannen fr\u00fchzeitig erkannt und gegebenenfalls unverz\u00fcglich Ihnen bzw der zust\u00e4ndigen Aufsichtsbeh\u00f6rde unter Einbezug der jeweiligen Datenkategorien, die betroffen sind, gemeldet werden.\u00a0 \u00a0<\/p>\n<p><strong>7. Aufbewahrung der Daten<\/strong><br \/>Wir werden Daten nicht l\u00e4nger aufbewahren als dies zur Erf\u00fcllung unserer vertraglichen bzw gesetzlichen Verpflichtungen und zur Abwehr allf\u00e4lliger Haftungsanspr\u00fcche erforderlich ist.<\/p>\n<p><strong>8. Server-Log-Files\u00a0<\/strong><br \/>Zur Optimierung dieser Website in Bezug auf die System-Performance, Benutzerfreundlichkeit und Bereitstellung von n\u00fctzlichen Informationen \u00fcber unsere Dienstleistungen erhebt und speichert der Provider der Website automatisch Informationen in so genannten Server-Log Files, die Ihr Browser automatisch an uns \u00fcbermittelt. Davon umfasst sind Ihre Internet-Protokoll Adresse (IP-Adresse), Browser und Spracheinstellung, Betriebssystem, Referrer URL, Ihr Internet Service Provider und Datum\/Uhrzeit.\u00a0 \u00a0<\/p>\n<p>Eine Zusammenf\u00fchrung dieser Daten mit personenbezogenen Datenquellen wird nicht vorgenommen. Wir behalten uns vor, diese Daten nachtr\u00e4glich zu pr\u00fcfen, wenn uns konkrete Anhaltspunkte f\u00fcr eine rechtswidrige Nutzung bekannt werden. \u00a0<\/p>\n<p><strong>9. Unsere Kontaktdaten \u00a0<\/strong><br \/>Der Schutz Ihrer Daten ist uns besonders wichtig. Wir sind f\u00fcr Sie unter den unten angef\u00fchrten Kontaktdaten jederzeit f\u00fcr Ihre Fragen oder Ihren Widerruf erreichbar.\u00a0 \u00a0<\/p>\n<p>R. Kurt Burde &amp; Co. Pr\u00e4zisionsarmaturen Gesellschaft m.b.H.\u00a0<br \/>Eyzinggasse 23<br \/>1110 Wien<\/p>\t\t\t\t\t\t\t\t<\/div>\n\t\t\t\t<\/div>\n\t\t\t\t\t<\/div>\n\t\t<\/div>\n\t\t\t\t\t<\/div>\n\t\t<\/section>\n\t\t\t\t<\/div>\n\t\t","protected":false},"excerpt":{"rendered":"<p>1. Personenbezogene Daten Wir, R. Kurt Burde &amp; Co. Pr\u00e4zisionsarmaturen Gesellschaft m.b.H., erheben, verarbeiten und nutzen Ihre personenbezogenen Daten nur mit Ihrer Einwilligung oder Bestellung zu den mit Ihnen vereinbarten Zwecken oder wenn eine sonstige rechtliche Grundlage im Einklang mit der DSGVO vorliegt; dies unter Einhaltung der datenschutz- und zivilrechtlichen Bestimmungen. Es werden nur solche [&hellip;]<\/p>\n","protected":false},"author":1,"featured_media":0,"parent":0,"menu_order":0,"comment_status":"closed","ping_status":"closed","template":"","meta":{"_acf_changed":false,"footnotes":""},"class_list":["post-663","page","type-page","status-publish","hentry"],"acf":[],"yoast_head":"<!-- This site is optimized with the Yoast SEO plugin v26.8 - https:\/\/yoast.com\/product\/yoast-seo-wordpress\/ -->\n<title>Data privacy - BURDE TECHNOLOGY GMBH<\/title>\n<meta name=\"robots\" content=\"index, follow, max-snippet:-1, max-image-preview:large, max-video-preview:-1\" \/>\n<link rel=\"canonical\" href=\"https:\/\/burde.at\/en\/data-privacy\/\" \/>\n<meta property=\"og:locale\" content=\"en_US\" \/>\n<meta property=\"og:type\" content=\"article\" \/>\n<meta property=\"og:title\" content=\"Data privacy - BURDE TECHNOLOGY GMBH\" \/>\n<meta property=\"og:description\" content=\"1. Personenbezogene Daten Wir, R. Kurt Burde &amp; Co. Pr\u00e4zisionsarmaturen Gesellschaft m.b.H., erheben, verarbeiten und nutzen Ihre personenbezogenen Daten nur mit Ihrer Einwilligung oder Bestellung zu den mit Ihnen vereinbarten Zwecken oder wenn eine sonstige rechtliche Grundlage im Einklang mit der DSGVO vorliegt; dies unter Einhaltung der datenschutz- und zivilrechtlichen Bestimmungen. Es werden nur solche [&hellip;]\" \/>\n<meta property=\"og:url\" content=\"https:\/\/burde.at\/en\/data-privacy\/\" \/>\n<meta property=\"og:site_name\" content=\"BURDE TECHNOLOGY GMBH\" \/>\n<meta property=\"article:modified_time\" content=\"2020-02-11T23:41:28+00:00\" \/>\n<meta name=\"twitter:card\" content=\"summary_large_image\" \/>\n<meta name=\"twitter:label1\" content=\"Est. reading time\" \/>\n\t<meta name=\"twitter:data1\" content=\"5 minutes\" \/>\n<script type=\"application\/ld+json\" class=\"yoast-schema-graph\">{\"@context\":\"https:\/\/schema.org\",\"@graph\":[{\"@type\":\"WebPage\",\"@id\":\"https:\/\/burde.at\/en\/data-privacy\/\",\"url\":\"https:\/\/burde.at\/en\/data-privacy\/\",\"name\":\"Data privacy - BURDE TECHNOLOGY GMBH\",\"isPartOf\":{\"@id\":\"https:\/\/burde.at\/en\/#website\"},\"datePublished\":\"2020-02-11T23:39:59+00:00\",\"dateModified\":\"2020-02-11T23:41:28+00:00\",\"breadcrumb\":{\"@id\":\"https:\/\/burde.at\/en\/data-privacy\/#breadcrumb\"},\"inLanguage\":\"en-US\",\"potentialAction\":[{\"@type\":\"ReadAction\",\"target\":[\"https:\/\/burde.at\/en\/data-privacy\/\"]}]},{\"@type\":\"BreadcrumbList\",\"@id\":\"https:\/\/burde.at\/en\/data-privacy\/#breadcrumb\",\"itemListElement\":[{\"@type\":\"ListItem\",\"position\":1,\"name\":\"Startseite\",\"item\":\"https:\/\/burde.at\/en\/\"},{\"@type\":\"ListItem\",\"position\":2,\"name\":\"Data privacy\"}]},{\"@type\":\"WebSite\",\"@id\":\"https:\/\/burde.at\/en\/#website\",\"url\":\"https:\/\/burde.at\/en\/\",\"name\":\"Burde Technology GmbH\",\"description\":\"Wir stehen f\u00fcr Sicherheit\",\"publisher\":{\"@id\":\"https:\/\/burde.at\/en\/#organization\"},\"potentialAction\":[{\"@type\":\"SearchAction\",\"target\":{\"@type\":\"EntryPoint\",\"urlTemplate\":\"https:\/\/burde.at\/en\/?s={search_term_string}\"},\"query-input\":{\"@type\":\"PropertyValueSpecification\",\"valueRequired\":true,\"valueName\":\"search_term_string\"}}],\"inLanguage\":\"en-US\"},{\"@type\":\"Organization\",\"@id\":\"https:\/\/burde.at\/en\/#organization\",\"name\":\"Burde Technology GmbH\",\"url\":\"https:\/\/burde.at\/en\/\",\"logo\":{\"@type\":\"ImageObject\",\"inLanguage\":\"en-US\",\"@id\":\"https:\/\/burde.at\/en\/#\/schema\/logo\/image\/\",\"url\":\"https:\/\/burde.at\/wp-content\/uploads\/2024\/04\/BURDE_Logo_1_RGB.png\",\"contentUrl\":\"https:\/\/burde.at\/wp-content\/uploads\/2024\/04\/BURDE_Logo_1_RGB.png\",\"width\":595,\"height\":132,\"caption\":\"Burde Technology GmbH\"},\"image\":{\"@id\":\"https:\/\/burde.at\/en\/#\/schema\/logo\/image\/\"}}]}<\/script>\n<!-- \/ Yoast SEO plugin. -->","yoast_head_json":{"title":"Data privacy - BURDE TECHNOLOGY GMBH","robots":{"index":"index","follow":"follow","max-snippet":"max-snippet:-1","max-image-preview":"max-image-preview:large","max-video-preview":"max-video-preview:-1"},"canonical":"https:\/\/burde.at\/en\/data-privacy\/","og_locale":"en_US","og_type":"article","og_title":"Data privacy - BURDE TECHNOLOGY GMBH","og_description":"1. Personenbezogene Daten Wir, R. Kurt Burde &amp; Co. Pr\u00e4zisionsarmaturen Gesellschaft m.b.H., erheben, verarbeiten und nutzen Ihre personenbezogenen Daten nur mit Ihrer Einwilligung oder Bestellung zu den mit Ihnen vereinbarten Zwecken oder wenn eine sonstige rechtliche Grundlage im Einklang mit der DSGVO vorliegt; dies unter Einhaltung der datenschutz- und zivilrechtlichen Bestimmungen. Es werden nur solche [&hellip;]","og_url":"https:\/\/burde.at\/en\/data-privacy\/","og_site_name":"BURDE TECHNOLOGY GMBH","article_modified_time":"2020-02-11T23:41:28+00:00","twitter_card":"summary_large_image","twitter_misc":{"Est. reading time":"5 minutes"},"schema":{"@context":"https:\/\/schema.org","@graph":[{"@type":"WebPage","@id":"https:\/\/burde.at\/en\/data-privacy\/","url":"https:\/\/burde.at\/en\/data-privacy\/","name":"Data privacy - BURDE TECHNOLOGY GMBH","isPartOf":{"@id":"https:\/\/burde.at\/en\/#website"},"datePublished":"2020-02-11T23:39:59+00:00","dateModified":"2020-02-11T23:41:28+00:00","breadcrumb":{"@id":"https:\/\/burde.at\/en\/data-privacy\/#breadcrumb"},"inLanguage":"en-US","potentialAction":[{"@type":"ReadAction","target":["https:\/\/burde.at\/en\/data-privacy\/"]}]},{"@type":"BreadcrumbList","@id":"https:\/\/burde.at\/en\/data-privacy\/#breadcrumb","itemListElement":[{"@type":"ListItem","position":1,"name":"Startseite","item":"https:\/\/burde.at\/en\/"},{"@type":"ListItem","position":2,"name":"Data privacy"}]},{"@type":"WebSite","@id":"https:\/\/burde.at\/en\/#website","url":"https:\/\/burde.at\/en\/","name":"Burde Technology GmbH","description":"Wir stehen f\u00fcr Sicherheit","publisher":{"@id":"https:\/\/burde.at\/en\/#organization"},"potentialAction":[{"@type":"SearchAction","target":{"@type":"EntryPoint","urlTemplate":"https:\/\/burde.at\/en\/?s={search_term_string}"},"query-input":{"@type":"PropertyValueSpecification","valueRequired":true,"valueName":"search_term_string"}}],"inLanguage":"en-US"},{"@type":"Organization","@id":"https:\/\/burde.at\/en\/#organization","name":"Burde Technology GmbH","url":"https:\/\/burde.at\/en\/","logo":{"@type":"ImageObject","inLanguage":"en-US","@id":"https:\/\/burde.at\/en\/#\/schema\/logo\/image\/","url":"https:\/\/burde.at\/wp-content\/uploads\/2024\/04\/BURDE_Logo_1_RGB.png","contentUrl":"https:\/\/burde.at\/wp-content\/uploads\/2024\/04\/BURDE_Logo_1_RGB.png","width":595,"height":132,"caption":"Burde Technology GmbH"},"image":{"@id":"https:\/\/burde.at\/en\/#\/schema\/logo\/image\/"}}]}},"jetpack_sharing_enabled":true,"_links":{"self":[{"href":"https:\/\/burde.at\/en\/wp-json\/wp\/v2\/pages\/663","targetHints":{"allow":["GET"]}}],"collection":[{"href":"https:\/\/burde.at\/en\/wp-json\/wp\/v2\/pages"}],"about":[{"href":"https:\/\/burde.at\/en\/wp-json\/wp\/v2\/types\/page"}],"author":[{"embeddable":true,"href":"https:\/\/burde.at\/en\/wp-json\/wp\/v2\/users\/1"}],"replies":[{"embeddable":true,"href":"https:\/\/burde.at\/en\/wp-json\/wp\/v2\/comments?post=663"}],"version-history":[{"count":2,"href":"https:\/\/burde.at\/en\/wp-json\/wp\/v2\/pages\/663\/revisions"}],"predecessor-version":[{"id":666,"href":"https:\/\/burde.at\/en\/wp-json\/wp\/v2\/pages\/663\/revisions\/666"}],"wp:attachment":[{"href":"https:\/\/burde.at\/en\/wp-json\/wp\/v2\/media?parent=663"}],"curies":[{"name":"wp","href":"https:\/\/api.w.org\/{rel}","templated":true}]}}